{"id":3,"date":"2024-07-30T12:19:13","date_gmt":"2024-07-30T10:19:13","guid":{"rendered":"https:\/\/bednarmarek.cz\/?page_id=3"},"modified":"2024-07-30T18:31:42","modified_gmt":"2024-07-30T16:31:42","slug":"ochrana-osobnich-udaju","status":"publish","type":"page","link":"https:\/\/bednarmarek.cz\/?page_id=3","title":{"rendered":"Z\u00e1sady ochrany osobn\u00edch \u00fadaj\u016f"},"content":{"rendered":"\n<h2 class=\"wp-block-heading\">Ochrana osobn\u00edch \u00fadaj\u016f<\/h2>\n\n\n\n<p>Pokud jste m\u00fdm z\u00e1kazn\u00edkem, kupuj\u00edc\u00edm, odb\u011bratelem novinek nebo n\u00e1v\u0161t\u011bvn\u00edkem webu, sv\u011b\u0159ujete mi sv\u00e9 osobn\u00ed \u00fadaje. J\u00e1 odpov\u00edd\u00e1m za jejich ochranu a zabezpe\u010den\u00ed. Seznamte se, pros\u00edm, s ochranou osobn\u00edch \u00fadaj\u016f, z\u00e1sadami a pr\u00e1vy, kter\u00e9 m\u00e1te v souvislosti s GDPR (Na\u0159\u00edzen\u00ed o ochran\u011b osobn\u00edch \u00fadaj\u016f).<\/p>\n\n\n\n<h2 class=\"wp-block-heading\">Kdo jsme<\/h2>\n\n\n\n<p>Na\u0161e webov\u00e1 adresa je: https:\/\/bednarmarek.cz.<\/p>\n\n\n\n<h2 class=\"wp-block-heading\">Kontaktn\u00ed \u00fadaje<\/h2>\n\n\n\n<p>Pokud se na n\u00e1s budete cht\u00edt v pr\u016fb\u011bhu zpracov\u00e1n\u00ed va\u0161ich dat obr\u00e1tit, m\u016f\u017eete n\u00e1s\u00a0 kontaktovat na tel. \u010d\u00edsle +420 777 249 411, <a href=\"https:\/\/bednarmarek.cz\/#\">marek.bednar@email.cz<\/a><\/p>\n\n\n\n<h2 class=\"wp-block-heading\">Prohla\u0161ujeme<\/h2>\n\n\n\n<p>Prohla\u0161uji, \u017ee jako spr\u00e1vce va\u0161ich osobn\u00edch \u00fadaj\u016f spl\u0148ujeme ve\u0161ker\u00e9 z\u00e1konn\u00e9 povinnosti vy\u017eadovan\u00e9 platnou legislativou, zejm\u00e9na z\u00e1konem o ochran\u011b osobn\u00edch \u00fadaj\u016f a GDPR, a tedy \u017ee:<\/p>\n\n\n\n<p>budeme zpracov\u00e1vat va\u0161e osobn\u00ed \u00fadaje jen na z\u00e1klad\u011b platn\u00e9ho pr\u00e1vn\u00edho d\u016fvodu, a to p\u0159edev\u0161\u00edm opr\u00e1vn\u011bn\u00e9ho z\u00e1jmu, pln\u011bn\u00ed smlouvy, z\u00e1konn\u00e9 povinnosti \u010di ud\u011blen\u00e9ho souhlasu,<br>pln\u00edme dle \u010dl\u00e1nku 13 GDPR informa\u010dn\u00ed povinnost je\u0161t\u011b p\u0159ed zah\u00e1jen\u00edm zpracov\u00e1n\u00ed osobn\u00edch \u00fadaj\u016f,<br>umo\u017en\u00edme v\u00e1m a budeme v\u00e1s podporovat v uplat\u0148ov\u00e1n\u00ed a pln\u011bn\u00ed va\u0161ich pr\u00e1v podle z\u00e1kona o ochran\u011b osobn\u00edch \u00fadaj\u016f a GDPR<\/p>\n\n\n\n<h2 class=\"wp-block-heading\">Rozsah osobn\u00edch \u00fadaj\u016f a \u00fa\u010dely zpracov\u00e1n\u00ed<\/h2>\n\n\n\n<p>Zpracov\u00e1v\u00e1me osobn\u00ed \u00fadaje, kter\u00e9 n\u00e1m sv\u011b\u0159\u00edte vy sami, a to z n\u00e1sleduj\u00edc\u00edch d\u016fvod\u016f (pro napln\u011bn\u00ed t\u011bchto \u00fa\u010del\u016f):<\/p>\n\n\n\n<ul class=\"wp-block-list\">\n<li>poskytov\u00e1n\u00ed slu\u017eeb, pln\u011bn\u00ed smlouvy<br>tj., va\u0161e osobn\u00ed \u00fadaje v rozsahu:\u00a0 jm\u00e9no a p\u0159\u00edjmen\u00ed (identifikace klienta), e-mail nezbytn\u011b pot\u0159ebujeme k pln\u011bn\u00ed smlouvy (nap\u0159. zasl\u00e1n\u00ed p\u0159\u00edstup\u016f do aplikace, zas\u00edl\u00e1n\u00ed online kurzu, atd, dod\u00e1n\u00ed zbo\u017e\u00ed), telefon (rezervace term\u00edn\u016f apod.), p\u0159\u00edp. adresa (pokud se jedn\u00e1 o zasl\u00e1n\u00ed fyzick\u00e9ho produktu), p\u0159\u00edp. kontakty na soci\u00e1ln\u00edch s\u00edt\u00edch, tituly.<\/li>\n\n\n\n<li>veden\u00ed \u00fa\u010detnictv\u00ed<br>tj., jste- li z\u00e1kazn\u00edky, va\u0161e osobn\u00ed \u00fadaje (faktura\u010dn\u00ed \u00fadaje \u2013 jm\u00e9no, adresa, email apod.) nezbytn\u011b pot\u0159ebujeme, abychom vyhov\u011bli z\u00e1konn\u00e9 povinnosti pro vystavov\u00e1n\u00ed a evidenci da\u0148ov\u00fdch doklad\u016f<\/li>\n\n\n\n<li>marketing \u2013 zas\u00edl\u00e1n\u00ed newsletter\u016f<br>tj., Va\u0161e osobn\u00ed \u00fadaje (e-mail a jm\u00e9no), pohlav\u00ed, na co klik\u00e1te v e-mailu a kdy je nej\u010dast\u011bji otev\u00edr\u00e1te, vyu\u017e\u00edv\u00e1me za \u00fa\u010delem p\u0159\u00edm\u00e9ho marketingu \u2013 zas\u00edl\u00e1n\u00ed obchodn\u00edch sd\u011blen\u00ed. Jste-li na\u0161\u00edm z\u00e1kazn\u00edkem, d\u011bl\u00e1me tak z opr\u00e1vn\u011bn\u00e9ho z\u00e1jmu, nebo\u0165 d\u016fvodn\u011b p\u0159edpokl\u00e1d\u00e1me, \u017ee v\u00e1s na\u0161e novinky zaj\u00edmaj\u00ed, a to po dobu 5 let od posledn\u00ed objedn\u00e1vky.<br>Pokud nejste na\u0161\u00edm z\u00e1kazn\u00edkem, zas\u00edl\u00e1me v\u00e1m newslettery jen na z\u00e1klad\u011b va\u0161eho souhlasu, po dobu 5 let od ud\u011blen\u00ed. V obou p\u0159\u00edpadech m\u016f\u017eete tento souhlas kdykoli odvolat pou\u017eit\u00edm odhla\u0161ovac\u00edho odkazu v ka\u017ed\u00e9m zaslan\u00e9m e-mailu.<\/li>\n\n\n\n<li>pokro\u010dil\u00fd marketing na z\u00e1klad\u011b souhlasu<br>tj., pouze na z\u00e1klad\u011b va\u0161eho souhlasu v\u00e1m m\u016f\u017eeme zas\u00edlat tak\u00e9 inspiruj\u00edc\u00ed nab\u00eddky t\u0159et\u00edch osob nebo vyu\u017e\u00edt e-mailovou adresu nap\u0159. pro remarketing a c\u00edlen\u00ed reklamy na Facebooku, a to po dobu 5 let od ud\u011blen\u00ed souhlasu. Ten lze samoz\u0159ejm\u011b kdykoliv odvolat, a to prost\u0159ednictv\u00edm na\u0161ich kontaktn\u00edch \u00fadaj\u016f.<\/li>\n<\/ul>\n\n\n\n<p>Va\u0161e osobn\u00ed \u00fadaje si ponech\u00e1v\u00e1m po dobu b\u011bhu proml\u010dec\u00edch lh\u016ft, pokud z\u00e1kon nestanov\u00ed del\u0161\u00ed dobu k jejich uchov\u00e1n\u00ed nebo jsme v konkr\u00e9tn\u00edch p\u0159\u00edpadech neuvedli jinak. Podobn\u00e9 informace jsou uchov\u00e1v\u00e1ny tak\u00e9 o nespolehliv\u00fdch kupuj\u00edc\u00edch \u010di podvodn\u00fdch kupuj\u00edc\u00edch a z\u00e1kazn\u00edc\u00edch. Tyto \u00fadaje jsou vedeny elektronicky, p\u0159\u00edpadn\u011b v p\u00edsemn\u011b v se\u0161it\u011b ur\u010den\u00e9m jen pro tyto \u00fa\u010dely a jsou prov\u00e1z\u00e1ny na n\u00e1sleduj\u00edc\u00ed osobn\u00ed \u00fadaje (B).<\/p>\n\n\n\n<p>(B) O z\u00e1kazn\u00edc\u00edch, kte\u0159\u00ed pro\u0161li alespo\u0148 jedn\u00edm osobn\u00edm setk\u00e1n\u00edm\/sezen\u00edm\/konzultac\u00ed\/mas\u00e1\u017e\u00ed jsou uchov\u00e1v\u00e1ny citliv\u00e9 informace \u2013 jejich z\u00e1znam prob\u00edh\u00e1 v p\u0159\u00edtomnosti z\u00e1kazn\u00edka, kter\u00fd tak sd\u011bluje jen informace, kter\u00e9 souhlas\u00ed uchov\u00e1vat a zpracov\u00e1vat:<\/p>\n\n\n\n<p>\u00a7 o zdravotn\u00edm stavu, anamn\u00e9ze relevantn\u00ed pro poskytovan\u00e9 slu\u017eby a jejich v\u00fdvoj v \u010dase, pokud je klient obsluhov\u00e1n n\u011bkolikr\u00e1t,<\/p>\n\n\n\n<p>\u00a7 O p\u0159\u00e1n\u00edch, z\u00e1m\u011brech a \u00fastn\u011b sjednan\u00fdch dohod\u00e1ch a hranic\u00edch pro konkr\u00e9tn\u00ed sezen\u00ed\/konzultace\/setk\u00e1n\u00ed\/mas\u00e1\u017e<\/p>\n\n\n\n<p>Tyto \u00fadaje jsou vedeny elektronicky v neve\u0159ejn\u00e9 datab\u00e1zi p\u0159im\u011b\u0159en\u011b zabezpe\u010den\u00e9 nebo v p\u00edsemn\u00e9 podob\u011b v kart\u00e1ch z\u00e1kazn\u00edka ur\u010den\u00fdch jen pro tyto \u00fa\u010dely, ke kter\u00e9mu nen\u00ed pravd\u011bpodobn\u00e9, \u017ee by se dostala osoba, kter\u00e1 by tyto \u00fadaje m\u011bla z\u00e1m\u011br jakkoliv zneu\u017e\u00edt \u010di vyu\u017e\u00edt a jsou prov\u00e1z\u00e1ny na osobn\u00ed \u00fadaje z bodu (A). Tyto \u00fadaje jsou vedeny v z\u00e1jmu spr\u00e1vce dat \u2013 pro \u00fasp\u011b\u0161n\u00e9 a smyslupln\u00e9 veden\u00ed pokroku z\u00e1kazn\u00edk\u016f, pro kontrolu pokroku a p\u0159\u00edpadn\u00e9 \u0159e\u0161en\u00ed reklamac\u00ed, spor\u016f a n\u00e1mitek se z\u00e1kazn\u00edky.<\/p>\n\n\n\n<p>U z\u00e1kazn\u00edk\u016f a n\u00e1v\u0161t\u011bvn\u00edk\u016f m\u016f\u017ee b\u00fdt po\u017eadov\u00e1no p\u0159edlo\u017een\u00ed ofici\u00e1ln\u00edho osobn\u00edho dokladu pro \u00fa\u010dely ov\u011b\u0159en\u00ed dosa\u017een\u00ed v\u011bku 18 let \u2013 data z tohoto ov\u011b\u0159en\u00ed nejsou uchov\u00e1v\u00e1na, pouze je uveden p\u0159\u00edpadn\u011b z\u00e1znam nap\u0159. \u201ev\u011bk nad 18 let ov\u011b\u0159en\u201c.<\/p>\n\n\n\n<p>V r\u00e1mci provozov\u00e1n\u00ed \u017eivnosti jsou d\u00e1le sb\u00edr\u00e1ny a uchov\u00e1v\u00e1ny informace o dodavatel\u00edch slu\u017eeb a materi\u00e1lu \u010di dod\u00e1vek v rozsahu ve\u0159ejn\u00fdch rejst\u0159\u00edk\u016f a ve\u0159ejn\u011b dostupn\u00fdch kontaktn\u00edch informac\u00ed. Informace jsou u\u017e\u00edv\u00e1ny pouze pro intern\u00ed pot\u0159ebu a nejsou poskytov\u00e1ny d\u00e1le a jsou vedeny v z\u00e1jmu spr\u00e1vce dat.<\/p>\n\n\n\n<p>V\u0161echny v\u00fd\u0161e uveden\u00e9 \u00fadaje jsou pravideln\u011b jednou ro\u010dn\u011b spolu s \u00fa\u010detn\u00ed uz\u00e1v\u011brkou kontrolov\u00e1ny a je vyhodnoceno, zda-li je pro spr\u00e1vce \u010di subjekty u\u017eite\u010dn\u00e9 a \u00fa\u010deln\u00e9 \u00fadaje d\u00e1le uchov\u00e1vat.<\/p>\n\n\n\n<p>D\u016fle\u017eit\u00fdmi parametry pro rozhodnut\u00ed o dal\u0161\u00edm uchov\u00e1v\u00e1n\u00ed jsou: (a) zda je pravd\u011bpodobn\u00e9, \u017ee spolupr\u00e1ce \u010di poskytov\u00e1n\u00ed slu\u017eeb bude pokra\u010dovat a (b) m\u00edra rizika jak\u00e9koliv formy sporu s p\u0159\u00edslu\u0161n\u00fdm subjektem. Zpravidla jsou \u00fadaje pl\u00e1nov\u00e1ny uchov\u00e1vat maxim\u00e1ln\u011b 5 let od jejich po\u0159\u00edzen\u00ed.<\/p>\n\n\n\n<h2 class=\"wp-block-heading\">Cookies<\/h2>\n\n\n\n<p>P\u0159i proch\u00e1zen\u00ed na\u0161ich webov\u00fdch str\u00e1nek zaznamen\u00e1v\u00e1m va\u0161i IP adresu, jak dlouho se na str\u00e1nce zdr\u017e\u00edte a ze kter\u00e9 str\u00e1nky p\u0159ich\u00e1z\u00edte. Pou\u017e\u00edv\u00e1n\u00ed cookies pro m\u011b\u0159en\u00ed n\u00e1v\u0161t\u011bvnosti webu a p\u0159izp\u016fsoben\u00ed zobrazen\u00ed webov\u00fdch str\u00e1nek vn\u00edm\u00e1m jako sv\u016fj opr\u00e1vn\u011bn\u00fd z\u00e1jem spr\u00e1vce, nebo\u0165 v\u011b\u0159\u00edm, \u017ee d\u00edky tomu v\u00e1m mohu nab\u00eddnout je\u0161t\u011b lep\u0161\u00ed slu\u017eby.<\/p>\n\n\n\n<p>Cookies pro c\u00edlen\u00ed reklamy budou zpracov\u00e1v\u00e1ny jen na z\u00e1klad\u011b va\u0161eho souhlasu.<\/p>\n\n\n\n<p>Moje webov\u00e9 str\u00e1nky lze proch\u00e1zet tak\u00e9 v re\u017eimu, kter\u00fd neumo\u017e\u0148uje sb\u00edr\u00e1n\u00ed osobn\u00edch \u00fadaj\u016f. Pou\u017e\u00edv\u00e1n\u00ed cookies m\u016f\u017eete na sv\u00e9m po\u010d\u00edta\u010di zak\u00e1zat.<\/p>\n\n\n\n<h2 class=\"wp-block-heading\">Zabezpe\u010den\u00ed a ochrana osobn\u00edch \u00fadaj\u016f<\/h2>\n\n\n\n<p>Chr\u00e1n\u00edm va\u0161e osobn\u00ed \u00fadaje v maxim\u00e1ln\u00ed mo\u017en\u00e9 m\u00ed\u0159e pomoc\u00ed modern\u00edch technologi\u00ed, kter\u00e9 odpov\u00eddaj\u00ed stupni technick\u00e9ho rozvoje. Chr\u00e1n\u00edm je jako kdyby byly moje vlastn\u00ed. P\u0159ijala jsem a udr\u017euji ve\u0161ker\u00e1 mo\u017en\u00e1 (aktu\u00e1ln\u011b zn\u00e1m\u00e1) technick\u00e1 a organiza\u010dn\u00ed opat\u0159en\u00ed, kter\u00e1 zamezuj\u00ed zneu\u017eit\u00ed, po\u0161kozen\u00ed nebo zni\u010den\u00ed va\u0161ich osobn\u00edch \u00fadaj\u016f.<\/p>\n\n\n\n<p><\/p>\n\n\n\n<h2 class=\"wp-block-heading\">P\u0159ed\u00e1n\u00ed osobn\u00edch \u00fadaj\u016f t\u0159et\u00edm osob\u00e1m<\/h2>\n\n\n\n<p>K va\u0161im osobn\u00edm \u00fadaj\u016fm maj\u00ed p\u0159\u00edstup na\u0161i zam\u011bstnanci a spolupracovn\u00edci, nikoli v\u0161ak ke skute\u010dnostem o va\u0161\u00ed osob\u011b, kter\u00e9 sd\u011blujete na individu\u00e1ln\u00edch sezen\u00edch .<\/p>\n\n\n\n<p>Pro zaji\u0161t\u011bn\u00ed konkr\u00e9tn\u00edch zpracovatelsk\u00fdch operac\u00ed, kter\u00e9 nen\u00ed mo\u017en\u00e9 zajistit vlastn\u00edmi silami, vyu\u017e\u00edv\u00e1me slu\u017eeb a aplikac\u00ed zpracovatel\u016f, kte\u0159\u00ed um\u00ed data ochr\u00e1nit je\u0161t\u011b l\u00e9pe ne\u017e my a na dan\u00e9 zpracov\u00e1n\u00ed se specializuj\u00ed.<\/p>\n\n\n\n<p>Jsou to poskytovatel\u00e9 n\u00e1sleduj\u00edc\u00edch platforem:<\/p>\n\n\n\n<ul class=\"wp-block-list\">\n<li>ZenKit<\/li>\n\n\n\n<li>WordPress<\/li>\n\n\n\n<li>MailerLite<\/li>\n\n\n\n<li>Fakturova\u010d<\/li>\n\n\n\n<li>Facebook<\/li>\n\n\n\n<li>Instagram<\/li>\n\n\n\n<li>Google<\/li>\n\n\n\n<li>\u00fa\u010detn\u00ed firma<\/li>\n<\/ul>\n\n\n\n<p>Je mo\u017en\u00e9, \u017ee se v budoucnu rozhodneme vyu\u017e\u00edt dal\u0161\u00ed aplikace \u010di zpracovatele, pro usnadn\u011bn\u00ed a zkvalitn\u011bn\u00ed zpracov\u00e1n\u00ed. Slibuji v\u00e1m v\u0161ak, \u017ee v takov\u00e9m p\u0159\u00edpad\u011b p\u0159i v\u00fdb\u011bru, budu na zpracovatele kl\u00e1st minim\u00e1ln\u011b stejn\u00e9 n\u00e1roky na zabezpe\u010den\u00ed a kvalitu zpracov\u00e1n\u00ed jako na sebe.<\/p>\n\n\n\n<h2 class=\"wp-block-heading\">P\u0159ed\u00e1v\u00e1n\u00ed dat mimo Evropskou unii<\/h2>\n\n\n\n<p>Ve\u0161ker\u00e9 zpracov\u00e1n\u00ed osobn\u00edch \u00fadaj\u016f bude prov\u00e1d\u011bno na \u00fazem\u00ed EU.<\/p>\n\n\n\n<p><\/p>\n\n\n\n<h2 class=\"wp-block-heading\">Va\u0161e pr\u00e1va v souvislosti s ochranou osobn\u00edch \u00fadaj\u016f<\/h2>\n\n\n\n<p>V souvislosti s ochranou osobn\u00edch \u00fadaj\u016f m\u00e1te \u0159adu pr\u00e1v. Pokud budete cht\u00edt n\u011bkter\u00e9ho z t\u011bchto pr\u00e1v vyu\u017e\u00edt, pros\u00edm, kontaktujte m\u011b prost\u0159ednictv\u00edm e-mailu: terapie@helenamosnova.cz<\/p>\n\n\n\n<p>M\u00e1te&nbsp;<strong>pr\u00e1vo na informace<\/strong>, kter\u00e9 je pln\u011bno ji\u017e touto informa\u010dn\u00ed str\u00e1nkou se z\u00e1sadami zpracov\u00e1n\u00ed osobn\u00edch \u00fadaj\u016f.<\/p>\n\n\n\n<p>D\u00edky&nbsp;<strong>pr\u00e1vu na p\u0159\u00edstup<\/strong>&nbsp;k informac\u00edm o v\u00e1s sb\u00edran\u00fdch n\u00e1s m\u016f\u017eete kdykoliv vyzvat a my v\u00e1m dolo\u017e\u00edme ve lh\u016ft\u011b 30 dn\u00ed, jak\u00e9 va\u0161e osobn\u00ed \u00fadaje zpracov\u00e1v\u00e1me a pro\u010d.<\/p>\n\n\n\n<p>Pokud se u v\u00e1s n\u011bco zm\u011bn\u00ed nebo shled\u00e1te sv\u00e9 osobn\u00ed \u00fadaje neaktu\u00e1ln\u00ed nebo ne\u00fapln\u00e9, m\u00e1te&nbsp;<strong>pr\u00e1vo na dopln\u011bn\u00ed a zm\u011bnu<\/strong>&nbsp;osobn\u00edch \u00fadaj\u016f.<\/p>\n\n\n\n<p><strong>Pr\u00e1vo na omezen\u00ed zpracov\u00e1n\u00ed<\/strong>&nbsp;m\u016f\u017eete vyu\u017e\u00edt, pokud se domn\u00edv\u00e1te, \u017ee zpracov\u00e1v\u00e1m va\u0161e nep\u0159esn\u00e9 \u00fadaje, domn\u00edv\u00e1te se, \u017ee prov\u00e1d\u00edm zpracov\u00e1n\u00ed nez\u00e1konn\u011b, ale nechcete v\u0161echny \u00fadaje smazat nebo pokud jste vznesli n\u00e1mitku proti zpracov\u00e1n\u00ed. Omezit m\u016f\u017eete tak\u00e9 rozsah osobn\u00edch \u00fadaj\u016f nebo \u00fa\u010del\u016f zpracov\u00e1n\u00ed. (Nap\u0159. odhl\u00e1\u0161en\u00edm z newsletteru omezujete \u00fa\u010del zpracov\u00e1n\u00ed pro zas\u00edl\u00e1n\u00ed obchodn\u00edch sd\u011blen\u00ed.)<\/p>\n\n\n\n<p><strong>Pr\u00e1vo na p\u0159enositelnost<\/strong><\/p>\n\n\n\n<p>Pokud byste cht\u011bli sv\u00e9 osobn\u00ed \u00fadaje vz\u00edt a p\u0159en\u00e9st k n\u011bkomu jin\u00e9mu, budeme postupovat stejn\u011b jako p\u0159i vyu\u017eit\u00ed pr\u00e1va na p\u0159\u00edstup \u2013 jen s t\u00edm rozd\u00edlem, \u017ee v\u00e1m informace po\u0161lu ve strojov\u011b \u010diteln\u00e9 podob\u011b. Tady t\u00e9\u017e uplat\u0148ujeme lh\u016ftu alespo\u0148&nbsp; 30 dn\u00ed.<\/p>\n\n\n\n<p><strong>Pr\u00e1vo na v\u00fdmaz (b\u00fdt zapomenut)<\/strong><\/p>\n\n\n\n<p>Va\u0161\u00edm dal\u0161\u00edm pr\u00e1vem je pr\u00e1vo na v\u00fdmaz (b\u00fdt zapomenut). Nechceme na v\u00e1s zapomenout, ale pokud si to budete p\u0159\u00e1t, m\u00e1te na to pr\u00e1vo. V takov\u00e9m p\u0159\u00edpad\u011b vyma\u017eeme ve\u0161ker\u00e9 va\u0161e osobn\u00ed \u00fadaje od sebe\/ze sv\u00e9ho syst\u00e9mu i ze syst\u00e9mu v\u0161ech d\u00edl\u010d\u00edch zpracovatel\u016f a z\u00e1loh. Na zaji\u0161t\u011bn\u00ed pr\u00e1va na v\u00fdmaz pot\u0159ebujeme 10 dn\u00ed.<\/p>\n\n\n\n<p>V n\u011bkter\u00fdch p\u0159\u00edpadech jsme v\u00e1z\u00e1ni z\u00e1konnou povinnost\u00ed, a nap\u0159. mus\u00edme evidovat vystaven\u00e9 da\u0148ov\u00e9 doklady po lh\u016ftu stanovenou z\u00e1konem. V tomto p\u0159\u00edpad\u011b tedy sma\u017eeme v\u0161echny takov\u00e9 osobn\u00ed \u00fadaje, kter\u00e9 nejsou v\u00e1z\u00e1ny jin\u00fdm z\u00e1konem. O dokon\u010den\u00ed v\u00fdmazu v\u00e1s budeme informovat na e-mail.<\/p>\n\n\n\n<p><strong>St\u00ed\u017enost u \u00da\u0159adu na ochranu osobn\u00edch \u00fadaj\u016f<\/strong><\/p>\n\n\n\n<p>Pokud m\u00e1te pocit, \u017ee s va\u0161imi \u00fadaji nezach\u00e1z\u00edme v souladu se z\u00e1konem, m\u00e1te pr\u00e1vo se se svou st\u00ed\u017enost\u00ed kdykoli obr\u00e1tit na \u00da\u0159ad pro ochranu osobn\u00edch \u00fadaj\u016f. Budeme r\u00e1di, pokud nejprve budete o tomto podez\u0159en\u00ed informovat n\u00e1s, abychom mohli p\u0159\u00edpadn\u00e9 pochyben\u00ed napravit.<\/p>\n\n\n\n<p><strong>Odhl\u00e1\u0161en\u00ed ze zas\u00edl\u00e1n\u00ed newsletter\u016f a obchodn\u00edch sd\u011blen\u00ed<\/strong><\/p>\n\n\n\n<p>E-maily s inspirac\u00ed, \u010dl\u00e1nky \u010di produkty a slu\u017ebami v\u00e1m zas\u00edl\u00e1me,&nbsp; jste-li n\u00e1\u0161 z\u00e1kazn\u00edk na z\u00e1klad\u011b na\u0161eho opr\u00e1vn\u011bn\u00e9ho z\u00e1jmu.<\/p>\n\n\n\n<p>Pokud z\u00e1kazn\u00edkem je\u0161t\u011b nejste, pos\u00edl\u00e1me v\u00e1m je jen na z\u00e1klad\u011b va\u0161eho souhlasu. V obou p\u0159\u00edpadech m\u016f\u017eete ukon\u010dit odb\u011br na\u0161ich e-mail\u016f stisknut\u00edm odhla\u0161ovac\u00edho odkazu v ka\u017ed\u00e9m zaslan\u00e9m e-mailu.<\/p>\n\n\n\n<h2 class=\"wp-block-heading\">Ml\u010denlivost<\/h2>\n\n\n\n<p>Jsme povinni zachov\u00e1vat ml\u010denlivost, i s ohledem na terapeutick\u00fd proces. D\u00e1le si v\u00e1s dovolujeme ujistit, \u017ee na\u0161i zam\u011bstnanci i spolupracovn\u00edci, kte\u0159\u00ed by p\u0159\u00edpadn\u011b mohli zpracov\u00e1vat Va\u0161e osobn\u00ed \u00fadaje, jsou povinni zachov\u00e1vat ml\u010denlivost o osobn\u00edch \u00fadaj\u00edch a bezpe\u010dnostn\u00edch opat\u0159en\u00edch, jejich\u017e zve\u0159ejn\u011bn\u00ed by ohrozilo zabezpe\u010den\u00ed Va\u0161ich osobn\u00edch \u00fadaj\u016f. Tato ml\u010denlivost p\u0159itom trv\u00e1 i po skon\u010den\u00ed z\u00e1vazkov\u00fdch vztah\u016f s n\u00e1mi. Bez va\u0161eho souhlasu nebudou va\u0161e osobn\u00ed \u00fadaje vyd\u00e1ny \u017e\u00e1dn\u00e9 jin\u00e9 t\u0159et\u00ed stran\u011b.<\/p>\n","protected":false},"excerpt":{"rendered":"<p>Ochrana osobn\u00edch \u00fadaj\u016f Pokud jste m\u00fdm z\u00e1kazn\u00edkem, kupuj\u00edc\u00edm, odb\u011bratelem novinek nebo n\u00e1v\u0161t\u011bvn\u00edkem webu, sv\u011b\u0159ujete mi sv\u00e9 osobn\u00ed \u00fadaje. J\u00e1 odpov\u00edd\u00e1m za jejich ochranu a zabezpe\u010den\u00ed. Seznamte se, pros\u00edm, s ochranou osobn\u00edch \u00fadaj\u016f, z\u00e1sadami a pr\u00e1vy, kter\u00e9 m\u00e1te v souvislosti s GDPR (Na\u0159\u00edzen\u00ed o ochran\u011b osobn\u00edch \u00fadaj\u016f). Kdo jsme Na\u0161e webov\u00e1 adresa je: https:\/\/bednarmarek.cz. Kontaktn\u00ed \u00fadaje [&hellip;]<\/p>\n","protected":false},"author":1,"featured_media":0,"parent":0,"menu_order":0,"comment_status":"closed","ping_status":"open","template":"","meta":{"footnotes":""},"class_list":["post-3","page","type-page","status-publish","hentry"],"_links":{"self":[{"href":"https:\/\/bednarmarek.cz\/index.php?rest_route=\/wp\/v2\/pages\/3","targetHints":{"allow":["GET"]}}],"collection":[{"href":"https:\/\/bednarmarek.cz\/index.php?rest_route=\/wp\/v2\/pages"}],"about":[{"href":"https:\/\/bednarmarek.cz\/index.php?rest_route=\/wp\/v2\/types\/page"}],"author":[{"embeddable":true,"href":"https:\/\/bednarmarek.cz\/index.php?rest_route=\/wp\/v2\/users\/1"}],"replies":[{"embeddable":true,"href":"https:\/\/bednarmarek.cz\/index.php?rest_route=%2Fwp%2Fv2%2Fcomments&post=3"}],"version-history":[{"count":4,"href":"https:\/\/bednarmarek.cz\/index.php?rest_route=\/wp\/v2\/pages\/3\/revisions"}],"predecessor-version":[{"id":28,"href":"https:\/\/bednarmarek.cz\/index.php?rest_route=\/wp\/v2\/pages\/3\/revisions\/28"}],"wp:attachment":[{"href":"https:\/\/bednarmarek.cz\/index.php?rest_route=%2Fwp%2Fv2%2Fmedia&parent=3"}],"curies":[{"name":"wp","href":"https:\/\/api.w.org\/{rel}","templated":true}]}}